{"id":11097,"date":"2022-01-25T08:44:05","date_gmt":"2022-01-25T07:44:05","guid":{"rendered":"https:\/\/www.jola-info.de\/?page_id=11097"},"modified":"2022-01-25T16:11:46","modified_gmt":"2022-01-25T15:11:46","slug":"trade-fairs-and-exhibitions-2021","status":"publish","type":"page","link":"https:\/\/www.jola-info.de\/en\/trade-fairs\/trade-fairs-and-exhibitions-2021\/","title":{"rendered":"Trade Fairs and Exhibitions 2021"},"content":{"rendered":"","protected":false},"excerpt":{"rendered":"","protected":false},"author":1,"featured_media":0,"parent":5454,"menu_order":65,"comment_status":"closed","ping_status":"closed","template":"","meta":{"_acf_changed":false,"footnotes":""},"class_list":["post-11097","page","type-page","status-publish","hentry"],"acf":[],"yoast_head":"<!-- This site is optimized with the Yoast SEO plugin v21.2 - https:\/\/yoast.com\/wordpress\/plugins\/seo\/ -->\n<title>Trade Fairs and Exhibitions 2021 - Jola Spezialschalter GmbH &amp; Co. KG<\/title>\n<meta name=\"description\" content=\"Nationale und internationale Messeteilnahmen von Jola Spezialschalter 2019\" \/>\n<meta name=\"robots\" content=\"index, follow, max-snippet:-1, max-image-preview:large, max-video-preview:-1\" \/>\n<link rel=\"canonical\" href=\"https:\/\/www.jola-info.de\/en\/trade-fairs\/trade-fairs-and-exhibitions-2021\/\" \/>\n<meta property=\"og:locale\" content=\"en_US\" \/>\n<meta property=\"og:type\" content=\"article\" \/>\n<meta property=\"og:title\" content=\"Trade Fairs and Exhibitions 2021 - Jola Spezialschalter GmbH &amp; Co. KG\" \/>\n<meta property=\"og:description\" content=\"Nationale und internationale Messeteilnahmen von Jola Spezialschalter 2019\" \/>\n<meta property=\"og:url\" content=\"https:\/\/www.jola-info.de\/en\/trade-fairs\/trade-fairs-and-exhibitions-2021\/\" \/>\n<meta property=\"og:site_name\" content=\"Jola Spezialschalter GmbH &amp; Co. KG\" \/>\n<meta property=\"article:modified_time\" content=\"2022-01-25T15:11:46+00:00\" \/>\n<meta name=\"twitter:card\" content=\"summary_large_image\" \/>\n<script type=\"application\/ld+json\" class=\"yoast-schema-graph\">{\"@context\":\"https:\/\/schema.org\",\"@graph\":[{\"@type\":\"WebPage\",\"@id\":\"https:\/\/www.jola-info.de\/en\/trade-fairs\/trade-fairs-and-exhibitions-2021\/\",\"url\":\"https:\/\/www.jola-info.de\/en\/trade-fairs\/trade-fairs-and-exhibitions-2021\/\",\"name\":\"Trade Fairs and Exhibitions 2021 - Jola Spezialschalter GmbH &amp; Co. KG\",\"isPartOf\":{\"@id\":\"https:\/\/www.jola-info.de\/#website\"},\"datePublished\":\"2022-01-25T07:44:05+00:00\",\"dateModified\":\"2022-01-25T15:11:46+00:00\",\"description\":\"Nationale und internationale Messeteilnahmen von Jola Spezialschalter 2019\",\"breadcrumb\":{\"@id\":\"https:\/\/www.jola-info.de\/en\/trade-fairs\/trade-fairs-and-exhibitions-2021\/#breadcrumb\"},\"inLanguage\":\"en-US\",\"potentialAction\":[{\"@type\":\"ReadAction\",\"target\":[\"https:\/\/www.jola-info.de\/en\/trade-fairs\/trade-fairs-and-exhibitions-2021\/\"]}]},{\"@type\":\"BreadcrumbList\",\"@id\":\"https:\/\/www.jola-info.de\/en\/trade-fairs\/trade-fairs-and-exhibitions-2021\/#breadcrumb\",\"itemListElement\":[{\"@type\":\"ListItem\",\"position\":1,\"name\":\"\",\"item\":\"https:\/\/www.jola-info.de\/en\/\"},{\"@type\":\"ListItem\",\"position\":2,\"name\":\"Trade Fairs\",\"item\":\"https:\/\/www.jola-info.de\/en\/trade-fairs\/\"},{\"@type\":\"ListItem\",\"position\":3,\"name\":\"Trade Fairs and Exhibitions 2021\"}]},{\"@type\":\"WebSite\",\"@id\":\"https:\/\/www.jola-info.de\/#website\",\"url\":\"https:\/\/www.jola-info.de\/\",\"name\":\"Jola Spezialschalter GmbH &amp; Co. KG\",\"description\":\"F\u00fcllstandsmessung, Leckagedetektion, Leckagewarnger\u00e4te, K\u00fchldecken-Regelger\u00e4te, Endschalter\",\"potentialAction\":[{\"@type\":\"SearchAction\",\"target\":{\"@type\":\"EntryPoint\",\"urlTemplate\":\"https:\/\/www.jola-info.de\/?s={search_term_string}\"},\"query-input\":\"required name=search_term_string\"}],\"inLanguage\":\"en-US\"}]}<\/script>\n<!-- \/ Yoast SEO plugin. -->","yoast_head_json":{"title":"Trade Fairs and Exhibitions 2021 - Jola Spezialschalter GmbH &amp; Co. KG","description":"Nationale und internationale Messeteilnahmen von Jola Spezialschalter 2019","robots":{"index":"index","follow":"follow","max-snippet":"max-snippet:-1","max-image-preview":"max-image-preview:large","max-video-preview":"max-video-preview:-1"},"canonical":"https:\/\/www.jola-info.de\/en\/trade-fairs\/trade-fairs-and-exhibitions-2021\/","og_locale":"en_US","og_type":"article","og_title":"Trade Fairs and Exhibitions 2021 - Jola Spezialschalter GmbH &amp; Co. KG","og_description":"Nationale und internationale Messeteilnahmen von Jola Spezialschalter 2019","og_url":"https:\/\/www.jola-info.de\/en\/trade-fairs\/trade-fairs-and-exhibitions-2021\/","og_site_name":"Jola Spezialschalter GmbH &amp; Co. KG","article_modified_time":"2022-01-25T15:11:46+00:00","twitter_card":"summary_large_image","schema":{"@context":"https:\/\/schema.org","@graph":[{"@type":"WebPage","@id":"https:\/\/www.jola-info.de\/en\/trade-fairs\/trade-fairs-and-exhibitions-2021\/","url":"https:\/\/www.jola-info.de\/en\/trade-fairs\/trade-fairs-and-exhibitions-2021\/","name":"Trade Fairs and Exhibitions 2021 - Jola Spezialschalter GmbH &amp; Co. KG","isPartOf":{"@id":"https:\/\/www.jola-info.de\/#website"},"datePublished":"2022-01-25T07:44:05+00:00","dateModified":"2022-01-25T15:11:46+00:00","description":"Nationale und internationale Messeteilnahmen von Jola Spezialschalter 2019","breadcrumb":{"@id":"https:\/\/www.jola-info.de\/en\/trade-fairs\/trade-fairs-and-exhibitions-2021\/#breadcrumb"},"inLanguage":"en-US","potentialAction":[{"@type":"ReadAction","target":["https:\/\/www.jola-info.de\/en\/trade-fairs\/trade-fairs-and-exhibitions-2021\/"]}]},{"@type":"BreadcrumbList","@id":"https:\/\/www.jola-info.de\/en\/trade-fairs\/trade-fairs-and-exhibitions-2021\/#breadcrumb","itemListElement":[{"@type":"ListItem","position":1,"name":"","item":"https:\/\/www.jola-info.de\/en\/"},{"@type":"ListItem","position":2,"name":"Trade Fairs","item":"https:\/\/www.jola-info.de\/en\/trade-fairs\/"},{"@type":"ListItem","position":3,"name":"Trade Fairs and Exhibitions 2021"}]},{"@type":"WebSite","@id":"https:\/\/www.jola-info.de\/#website","url":"https:\/\/www.jola-info.de\/","name":"Jola Spezialschalter GmbH &amp; Co. KG","description":"F\u00fcllstandsmessung, Leckagedetektion, Leckagewarnger\u00e4te, K\u00fchldecken-Regelger\u00e4te, Endschalter","potentialAction":[{"@type":"SearchAction","target":{"@type":"EntryPoint","urlTemplate":"https:\/\/www.jola-info.de\/?s={search_term_string}"},"query-input":"required name=search_term_string"}],"inLanguage":"en-US"}]}},"_links":{"self":[{"href":"https:\/\/www.jola-info.de\/en\/wp-json\/wp\/v2\/pages\/11097","targetHints":{"allow":["GET"]}}],"collection":[{"href":"https:\/\/www.jola-info.de\/en\/wp-json\/wp\/v2\/pages"}],"about":[{"href":"https:\/\/www.jola-info.de\/en\/wp-json\/wp\/v2\/types\/page"}],"author":[{"embeddable":true,"href":"https:\/\/www.jola-info.de\/en\/wp-json\/wp\/v2\/users\/1"}],"replies":[{"embeddable":true,"href":"https:\/\/www.jola-info.de\/en\/wp-json\/wp\/v2\/comments?post=11097"}],"version-history":[{"count":3,"href":"https:\/\/www.jola-info.de\/en\/wp-json\/wp\/v2\/pages\/11097\/revisions"}],"predecessor-version":[{"id":11187,"href":"https:\/\/www.jola-info.de\/en\/wp-json\/wp\/v2\/pages\/11097\/revisions\/11187"}],"up":[{"embeddable":true,"href":"https:\/\/www.jola-info.de\/en\/wp-json\/wp\/v2\/pages\/5454"}],"wp:attachment":[{"href":"https:\/\/www.jola-info.de\/en\/wp-json\/wp\/v2\/media?parent=11097"}],"curies":[{"name":"wp","href":"https:\/\/api.w.org\/{rel}","templated":true}]}}