{"id":6185,"date":"2018-01-02T15:26:25","date_gmt":"2018-01-02T14:26:25","guid":{"rendered":"http:\/\/wp13400965.server-he.de\/products\/leckagedetektion\/"},"modified":"2019-10-08T10:40:35","modified_gmt":"2019-10-08T08:40:35","slug":"leakage-detection","status":"publish","type":"page","link":"https:\/\/www.jola-info.de\/en\/products\/leakage-detection\/","title":{"rendered":"Leakage Detection"},"content":{"rendered":"<p>Hier werden Leckagen detektiert!<\/p>\n","protected":false},"excerpt":{"rendered":"<p>Hier werden Leckagen detektiert!<\/p>\n","protected":false},"author":1,"featured_media":0,"parent":5488,"menu_order":39,"comment_status":"closed","ping_status":"closed","template":"","meta":{"_acf_changed":false,"footnotes":""},"class_list":["post-6185","page","type-page","status-publish","hentry"],"acf":[],"yoast_head":"<!-- This site is optimized with the Yoast SEO plugin v21.2 - https:\/\/yoast.com\/wordpress\/plugins\/seo\/ -->\n<title>Leakage Detection - Jola Spezialschalter GmbH &amp; Co. KG<\/title>\n<meta name=\"robots\" content=\"index, follow, max-snippet:-1, max-image-preview:large, max-video-preview:-1\" \/>\n<link rel=\"canonical\" href=\"https:\/\/www.jola-info.de\/en\/products\/leakage-detection\/\" \/>\n<meta property=\"og:locale\" content=\"en_US\" \/>\n<meta property=\"og:type\" content=\"article\" \/>\n<meta property=\"og:title\" content=\"Leakage Detection - Jola Spezialschalter GmbH &amp; Co. KG\" \/>\n<meta property=\"og:description\" content=\"Hier werden Leckagen detektiert!\" \/>\n<meta property=\"og:url\" content=\"https:\/\/www.jola-info.de\/en\/products\/leakage-detection\/\" \/>\n<meta property=\"og:site_name\" content=\"Jola Spezialschalter GmbH &amp; Co. KG\" \/>\n<meta property=\"article:modified_time\" content=\"2019-10-08T08:40:35+00:00\" \/>\n<meta name=\"twitter:card\" content=\"summary_large_image\" \/>\n<script type=\"application\/ld+json\" class=\"yoast-schema-graph\">{\"@context\":\"https:\/\/schema.org\",\"@graph\":[{\"@type\":\"WebPage\",\"@id\":\"https:\/\/www.jola-info.de\/en\/products\/leakage-detection\/\",\"url\":\"https:\/\/www.jola-info.de\/en\/products\/leakage-detection\/\",\"name\":\"Leakage Detection - Jola Spezialschalter GmbH &amp; Co. KG\",\"isPartOf\":{\"@id\":\"https:\/\/www.jola-info.de\/#website\"},\"datePublished\":\"2018-01-02T14:26:25+00:00\",\"dateModified\":\"2019-10-08T08:40:35+00:00\",\"breadcrumb\":{\"@id\":\"https:\/\/www.jola-info.de\/en\/products\/leakage-detection\/#breadcrumb\"},\"inLanguage\":\"en-US\",\"potentialAction\":[{\"@type\":\"ReadAction\",\"target\":[\"https:\/\/www.jola-info.de\/en\/products\/leakage-detection\/\"]}]},{\"@type\":\"BreadcrumbList\",\"@id\":\"https:\/\/www.jola-info.de\/en\/products\/leakage-detection\/#breadcrumb\",\"itemListElement\":[{\"@type\":\"ListItem\",\"position\":1,\"name\":\"\",\"item\":\"https:\/\/www.jola-info.de\/en\/\"},{\"@type\":\"ListItem\",\"position\":2,\"name\":\"Products\",\"item\":\"https:\/\/www.jola-info.de\/en\/products\/\"},{\"@type\":\"ListItem\",\"position\":3,\"name\":\"Leakage Detection\"}]},{\"@type\":\"WebSite\",\"@id\":\"https:\/\/www.jola-info.de\/#website\",\"url\":\"https:\/\/www.jola-info.de\/\",\"name\":\"Jola Spezialschalter GmbH &amp; Co. KG\",\"description\":\"F\u00fcllstandsmessung, Leckagedetektion, Leckagewarnger\u00e4te, K\u00fchldecken-Regelger\u00e4te, Endschalter\",\"potentialAction\":[{\"@type\":\"SearchAction\",\"target\":{\"@type\":\"EntryPoint\",\"urlTemplate\":\"https:\/\/www.jola-info.de\/?s={search_term_string}\"},\"query-input\":\"required name=search_term_string\"}],\"inLanguage\":\"en-US\"}]}<\/script>\n<!-- \/ Yoast SEO plugin. -->","yoast_head_json":{"title":"Leakage Detection - Jola Spezialschalter GmbH &amp; Co. KG","robots":{"index":"index","follow":"follow","max-snippet":"max-snippet:-1","max-image-preview":"max-image-preview:large","max-video-preview":"max-video-preview:-1"},"canonical":"https:\/\/www.jola-info.de\/en\/products\/leakage-detection\/","og_locale":"en_US","og_type":"article","og_title":"Leakage Detection - Jola Spezialschalter GmbH &amp; Co. KG","og_description":"Hier werden Leckagen detektiert!","og_url":"https:\/\/www.jola-info.de\/en\/products\/leakage-detection\/","og_site_name":"Jola Spezialschalter GmbH &amp; Co. KG","article_modified_time":"2019-10-08T08:40:35+00:00","twitter_card":"summary_large_image","schema":{"@context":"https:\/\/schema.org","@graph":[{"@type":"WebPage","@id":"https:\/\/www.jola-info.de\/en\/products\/leakage-detection\/","url":"https:\/\/www.jola-info.de\/en\/products\/leakage-detection\/","name":"Leakage Detection - Jola Spezialschalter GmbH &amp; Co. KG","isPartOf":{"@id":"https:\/\/www.jola-info.de\/#website"},"datePublished":"2018-01-02T14:26:25+00:00","dateModified":"2019-10-08T08:40:35+00:00","breadcrumb":{"@id":"https:\/\/www.jola-info.de\/en\/products\/leakage-detection\/#breadcrumb"},"inLanguage":"en-US","potentialAction":[{"@type":"ReadAction","target":["https:\/\/www.jola-info.de\/en\/products\/leakage-detection\/"]}]},{"@type":"BreadcrumbList","@id":"https:\/\/www.jola-info.de\/en\/products\/leakage-detection\/#breadcrumb","itemListElement":[{"@type":"ListItem","position":1,"name":"","item":"https:\/\/www.jola-info.de\/en\/"},{"@type":"ListItem","position":2,"name":"Products","item":"https:\/\/www.jola-info.de\/en\/products\/"},{"@type":"ListItem","position":3,"name":"Leakage Detection"}]},{"@type":"WebSite","@id":"https:\/\/www.jola-info.de\/#website","url":"https:\/\/www.jola-info.de\/","name":"Jola Spezialschalter GmbH &amp; Co. KG","description":"F\u00fcllstandsmessung, Leckagedetektion, Leckagewarnger\u00e4te, K\u00fchldecken-Regelger\u00e4te, Endschalter","potentialAction":[{"@type":"SearchAction","target":{"@type":"EntryPoint","urlTemplate":"https:\/\/www.jola-info.de\/?s={search_term_string}"},"query-input":"required name=search_term_string"}],"inLanguage":"en-US"}]}},"_links":{"self":[{"href":"https:\/\/www.jola-info.de\/en\/wp-json\/wp\/v2\/pages\/6185","targetHints":{"allow":["GET"]}}],"collection":[{"href":"https:\/\/www.jola-info.de\/en\/wp-json\/wp\/v2\/pages"}],"about":[{"href":"https:\/\/www.jola-info.de\/en\/wp-json\/wp\/v2\/types\/page"}],"author":[{"embeddable":true,"href":"https:\/\/www.jola-info.de\/en\/wp-json\/wp\/v2\/users\/1"}],"replies":[{"embeddable":true,"href":"https:\/\/www.jola-info.de\/en\/wp-json\/wp\/v2\/comments?post=6185"}],"version-history":[{"count":3,"href":"https:\/\/www.jola-info.de\/en\/wp-json\/wp\/v2\/pages\/6185\/revisions"}],"predecessor-version":[{"id":6381,"href":"https:\/\/www.jola-info.de\/en\/wp-json\/wp\/v2\/pages\/6185\/revisions\/6381"}],"up":[{"embeddable":true,"href":"https:\/\/www.jola-info.de\/en\/wp-json\/wp\/v2\/pages\/5488"}],"wp:attachment":[{"href":"https:\/\/www.jola-info.de\/en\/wp-json\/wp\/v2\/media?parent=6185"}],"curies":[{"name":"wp","href":"https:\/\/api.w.org\/{rel}","templated":true}]}}