{"id":5353,"date":"2018-01-02T16:42:38","date_gmt":"2018-01-02T15:42:38","guid":{"rendered":"http:\/\/wp13400965.server-he.de\/kontakt\/"},"modified":"2024-09-03T09:11:10","modified_gmt":"2024-09-03T07:11:10","slug":"contact","status":"publish","type":"page","link":"https:\/\/www.jola-info.de\/fr\/contact\/","title":{"rendered":"Contact"},"content":{"rendered":"<table class=\"contenttable\" width=\"511\" cellspacing=\"0\" cellpadding=\"0\" align=\"left\">\n<tbody>\n<tr>\n<td width=\"50%\"><b>Jola Spezialschalter GmbH &amp; Co. KG<\/b><br \/>\nKlostergartenstr. 11<br \/>\n67466 Lambrecht<br \/>\nDeutschland<img loading=\"lazy\" decoding=\"async\" src=\"https:\/\/www.jola-info.de\/fileadmin\/Medien\/Meta_oben\/Telefonzentrale_Goe_klein.JPG\" alt=\"\" width=\"200\" height=\"133\" \/><\/p>\n<p class=\"align-left\">Tel. +49 6325 188-01 (Zentrale)<br \/>\nFax +49 6325 6396<\/p>\n<p class=\"align-left\"><a>kontakt@jola-info.de<\/a><br \/>\n<a href=\"http:\/\/www.jola-info.de\" target=\"_blank\" rel=\"noopener noreferrer\">www.jola-info.de<\/a><\/p>\n<p>&nbsp;<\/td>\n<td valign=\"top\"><b>Ihre Ansprechpartner im Verkauf:<\/b><\/p>\n<p>Gerrit Volz<br \/>\n(Verkaufsleiter)<br \/>\n+49 6325 188-158<\/p>\n<p>Dirk Kucinski<br \/>\n+49 6325 188-125<\/p>\n<p>Uwe Schareika<br \/>\n+49 6325 188-126<\/td>\n<\/tr>\n<\/tbody>\n<\/table>\n","protected":false},"excerpt":{"rendered":"<p>Jola Spezialschalter GmbH &amp; Co. KG Klostergartenstr. 11 67466 Lambrecht Deutschland Tel. +49 6325 188-01 (Zentrale) Fax +49 6325 6396 kontakt@jola-info.de www.jola-info.de &nbsp; Ihre Ansprechpartner im Verkauf: Gerrit Volz (Verkaufsleiter) +49 6325 188-158 Dirk Kucinski +49 6325 188-125 Uwe Schareika +49 6325 188-126<\/p>\n","protected":false},"author":1,"featured_media":0,"parent":0,"menu_order":112,"comment_status":"closed","ping_status":"closed","template":"","meta":{"_acf_changed":false,"footnotes":""},"class_list":["post-5353","page","type-page","status-publish","hentry"],"acf":[],"yoast_head":"<!-- This site is optimized with the Yoast SEO plugin v21.2 - https:\/\/yoast.com\/wordpress\/plugins\/seo\/ -->\n<title>Contact - Jola Spezialschalter GmbH &amp; Co. KG<\/title>\n<meta name=\"robots\" content=\"index, follow, max-snippet:-1, max-image-preview:large, max-video-preview:-1\" \/>\n<link rel=\"canonical\" href=\"https:\/\/www.jola-info.de\/fr\/contact\/\" \/>\n<meta property=\"og:locale\" content=\"fr_FR\" \/>\n<meta property=\"og:type\" content=\"article\" \/>\n<meta property=\"og:title\" content=\"Contact - Jola Spezialschalter GmbH &amp; Co. KG\" \/>\n<meta property=\"og:description\" content=\"Jola Spezialschalter GmbH &amp; Co. KG Klostergartenstr. 11 67466 Lambrecht Deutschland Tel. +49 6325 188-01 (Zentrale) Fax +49 6325 6396 kontakt@jola-info.de www.jola-info.de &nbsp; Ihre Ansprechpartner im Verkauf: Gerrit Volz (Verkaufsleiter) +49 6325 188-158 Dirk Kucinski +49 6325 188-125 Uwe Schareika +49 6325 188-126\" \/>\n<meta property=\"og:url\" content=\"https:\/\/www.jola-info.de\/fr\/contact\/\" \/>\n<meta property=\"og:site_name\" content=\"Jola Spezialschalter GmbH &amp; Co. KG\" \/>\n<meta property=\"article:modified_time\" content=\"2024-09-03T07:11:10+00:00\" \/>\n<meta property=\"og:image\" content=\"https:\/\/www.jola-info.de\/fileadmin\/Medien\/Meta_oben\/Telefonzentrale_Goe_klein.JPG\" \/>\n<meta name=\"twitter:card\" content=\"summary_large_image\" \/>\n<meta name=\"twitter:label1\" content=\"Dur\u00e9e de lecture estim\u00e9e\" \/>\n\t<meta name=\"twitter:data1\" content=\"1 minute\" \/>\n<script type=\"application\/ld+json\" class=\"yoast-schema-graph\">{\"@context\":\"https:\/\/schema.org\",\"@graph\":[{\"@type\":\"WebPage\",\"@id\":\"https:\/\/www.jola-info.de\/fr\/contact\/\",\"url\":\"https:\/\/www.jola-info.de\/fr\/contact\/\",\"name\":\"Contact - Jola Spezialschalter GmbH &amp; Co. KG\",\"isPartOf\":{\"@id\":\"https:\/\/www.jola-info.de\/#website\"},\"datePublished\":\"2018-01-02T15:42:38+00:00\",\"dateModified\":\"2024-09-03T07:11:10+00:00\",\"breadcrumb\":{\"@id\":\"https:\/\/www.jola-info.de\/fr\/contact\/#breadcrumb\"},\"inLanguage\":\"fr-FR\",\"potentialAction\":[{\"@type\":\"ReadAction\",\"target\":[\"https:\/\/www.jola-info.de\/fr\/contact\/\"]}]},{\"@type\":\"BreadcrumbList\",\"@id\":\"https:\/\/www.jola-info.de\/fr\/contact\/#breadcrumb\",\"itemListElement\":[{\"@type\":\"ListItem\",\"position\":1,\"name\":\"\",\"item\":\"https:\/\/www.jola-info.de\/fr\/\"},{\"@type\":\"ListItem\",\"position\":2,\"name\":\"Contact\"}]},{\"@type\":\"WebSite\",\"@id\":\"https:\/\/www.jola-info.de\/#website\",\"url\":\"https:\/\/www.jola-info.de\/\",\"name\":\"Jola Spezialschalter GmbH &amp; Co. KG\",\"description\":\"F\u00fcllstandsmessung, Leckagedetektion, Leckagewarnger\u00e4te, K\u00fchldecken-Regelger\u00e4te, Endschalter\",\"potentialAction\":[{\"@type\":\"SearchAction\",\"target\":{\"@type\":\"EntryPoint\",\"urlTemplate\":\"https:\/\/www.jola-info.de\/?s={search_term_string}\"},\"query-input\":\"required name=search_term_string\"}],\"inLanguage\":\"fr-FR\"}]}<\/script>\n<!-- \/ Yoast SEO plugin. -->","yoast_head_json":{"title":"Contact - Jola Spezialschalter GmbH &amp; Co. KG","robots":{"index":"index","follow":"follow","max-snippet":"max-snippet:-1","max-image-preview":"max-image-preview:large","max-video-preview":"max-video-preview:-1"},"canonical":"https:\/\/www.jola-info.de\/fr\/contact\/","og_locale":"fr_FR","og_type":"article","og_title":"Contact - Jola Spezialschalter GmbH &amp; Co. KG","og_description":"Jola Spezialschalter GmbH &amp; Co. KG Klostergartenstr. 11 67466 Lambrecht Deutschland Tel. +49 6325 188-01 (Zentrale) Fax +49 6325 6396 kontakt@jola-info.de www.jola-info.de &nbsp; Ihre Ansprechpartner im Verkauf: Gerrit Volz (Verkaufsleiter) +49 6325 188-158 Dirk Kucinski +49 6325 188-125 Uwe Schareika +49 6325 188-126","og_url":"https:\/\/www.jola-info.de\/fr\/contact\/","og_site_name":"Jola Spezialschalter GmbH &amp; Co. KG","article_modified_time":"2024-09-03T07:11:10+00:00","og_image":[{"url":"https:\/\/www.jola-info.de\/fileadmin\/Medien\/Meta_oben\/Telefonzentrale_Goe_klein.JPG"}],"twitter_card":"summary_large_image","twitter_misc":{"Dur\u00e9e de lecture estim\u00e9e":"1 minute"},"schema":{"@context":"https:\/\/schema.org","@graph":[{"@type":"WebPage","@id":"https:\/\/www.jola-info.de\/fr\/contact\/","url":"https:\/\/www.jola-info.de\/fr\/contact\/","name":"Contact - Jola Spezialschalter GmbH &amp; Co. KG","isPartOf":{"@id":"https:\/\/www.jola-info.de\/#website"},"datePublished":"2018-01-02T15:42:38+00:00","dateModified":"2024-09-03T07:11:10+00:00","breadcrumb":{"@id":"https:\/\/www.jola-info.de\/fr\/contact\/#breadcrumb"},"inLanguage":"fr-FR","potentialAction":[{"@type":"ReadAction","target":["https:\/\/www.jola-info.de\/fr\/contact\/"]}]},{"@type":"BreadcrumbList","@id":"https:\/\/www.jola-info.de\/fr\/contact\/#breadcrumb","itemListElement":[{"@type":"ListItem","position":1,"name":"","item":"https:\/\/www.jola-info.de\/fr\/"},{"@type":"ListItem","position":2,"name":"Contact"}]},{"@type":"WebSite","@id":"https:\/\/www.jola-info.de\/#website","url":"https:\/\/www.jola-info.de\/","name":"Jola Spezialschalter GmbH &amp; Co. KG","description":"F\u00fcllstandsmessung, Leckagedetektion, Leckagewarnger\u00e4te, K\u00fchldecken-Regelger\u00e4te, Endschalter","potentialAction":[{"@type":"SearchAction","target":{"@type":"EntryPoint","urlTemplate":"https:\/\/www.jola-info.de\/?s={search_term_string}"},"query-input":"required name=search_term_string"}],"inLanguage":"fr-FR"}]}},"_links":{"self":[{"href":"https:\/\/www.jola-info.de\/fr\/wp-json\/wp\/v2\/pages\/5353","targetHints":{"allow":["GET"]}}],"collection":[{"href":"https:\/\/www.jola-info.de\/fr\/wp-json\/wp\/v2\/pages"}],"about":[{"href":"https:\/\/www.jola-info.de\/fr\/wp-json\/wp\/v2\/types\/page"}],"author":[{"embeddable":true,"href":"https:\/\/www.jola-info.de\/fr\/wp-json\/wp\/v2\/users\/1"}],"replies":[{"embeddable":true,"href":"https:\/\/www.jola-info.de\/fr\/wp-json\/wp\/v2\/comments?post=5353"}],"version-history":[{"count":11,"href":"https:\/\/www.jola-info.de\/fr\/wp-json\/wp\/v2\/pages\/5353\/revisions"}],"predecessor-version":[{"id":10882,"href":"https:\/\/www.jola-info.de\/fr\/wp-json\/wp\/v2\/pages\/5353\/revisions\/10882"}],"wp:attachment":[{"href":"https:\/\/www.jola-info.de\/fr\/wp-json\/wp\/v2\/media?parent=5353"}],"curies":[{"name":"wp","href":"https:\/\/api.w.org\/{rel}","templated":true}]}}