{"id":6083,"date":"2018-06-14T09:45:41","date_gmt":"2018-06-14T07:45:41","guid":{"rendered":"http:\/\/wp13400965.server-he.de\/foires\/messen-2019\/"},"modified":"2022-01-26T13:28:52","modified_gmt":"2022-01-26T12:28:52","slug":"salons-foires-et-expositions-2019","status":"publish","type":"page","link":"https:\/\/www.jola-info.de\/fr\/salons\/salons-foires-et-expositions-2019\/","title":{"rendered":"Salons, foires et expositions 2019"},"content":{"rendered":"","protected":false},"excerpt":{"rendered":"","protected":false},"author":1,"featured_media":0,"parent":5455,"menu_order":72,"comment_status":"closed","ping_status":"closed","template":"","meta":{"_acf_changed":false,"footnotes":""},"class_list":["post-6083","page","type-page","status-publish","hentry"],"acf":[],"yoast_head":"<!-- This site is optimized with the Yoast SEO plugin v21.2 - https:\/\/yoast.com\/wordpress\/plugins\/seo\/ -->\n<title>Salons, foires et expositions 2019 - Jola Spezialschalter GmbH &amp; Co. KG<\/title>\n<meta name=\"description\" content=\"Nationale und internationale Messeteilnahmen von Jola Spezialschalter 2019\" \/>\n<meta name=\"robots\" content=\"index, follow, max-snippet:-1, max-image-preview:large, max-video-preview:-1\" \/>\n<link rel=\"canonical\" href=\"https:\/\/www.jola-info.de\/fr\/salons\/salons-foires-et-expositions-2019\/\" \/>\n<meta property=\"og:locale\" content=\"fr_FR\" \/>\n<meta property=\"og:type\" content=\"article\" \/>\n<meta property=\"og:title\" content=\"Salons, foires et expositions 2019 - Jola Spezialschalter GmbH &amp; Co. KG\" \/>\n<meta property=\"og:description\" content=\"Nationale und internationale Messeteilnahmen von Jola Spezialschalter 2019\" \/>\n<meta property=\"og:url\" content=\"https:\/\/www.jola-info.de\/fr\/salons\/salons-foires-et-expositions-2019\/\" \/>\n<meta property=\"og:site_name\" content=\"Jola Spezialschalter GmbH &amp; Co. KG\" \/>\n<meta property=\"article:modified_time\" content=\"2022-01-26T12:28:52+00:00\" \/>\n<meta name=\"twitter:card\" content=\"summary_large_image\" \/>\n<script type=\"application\/ld+json\" class=\"yoast-schema-graph\">{\"@context\":\"https:\/\/schema.org\",\"@graph\":[{\"@type\":\"WebPage\",\"@id\":\"https:\/\/www.jola-info.de\/fr\/salons\/salons-foires-et-expositions-2019\/\",\"url\":\"https:\/\/www.jola-info.de\/fr\/salons\/salons-foires-et-expositions-2019\/\",\"name\":\"Salons, foires et expositions 2019 - Jola Spezialschalter GmbH &amp; Co. KG\",\"isPartOf\":{\"@id\":\"https:\/\/www.jola-info.de\/#website\"},\"datePublished\":\"2018-06-14T07:45:41+00:00\",\"dateModified\":\"2022-01-26T12:28:52+00:00\",\"description\":\"Nationale und internationale Messeteilnahmen von Jola Spezialschalter 2019\",\"breadcrumb\":{\"@id\":\"https:\/\/www.jola-info.de\/fr\/salons\/salons-foires-et-expositions-2019\/#breadcrumb\"},\"inLanguage\":\"fr-FR\",\"potentialAction\":[{\"@type\":\"ReadAction\",\"target\":[\"https:\/\/www.jola-info.de\/fr\/salons\/salons-foires-et-expositions-2019\/\"]}]},{\"@type\":\"BreadcrumbList\",\"@id\":\"https:\/\/www.jola-info.de\/fr\/salons\/salons-foires-et-expositions-2019\/#breadcrumb\",\"itemListElement\":[{\"@type\":\"ListItem\",\"position\":1,\"name\":\"\",\"item\":\"https:\/\/www.jola-info.de\/fr\/\"},{\"@type\":\"ListItem\",\"position\":2,\"name\":\"Salons\",\"item\":\"https:\/\/www.jola-info.de\/fr\/salons\/\"},{\"@type\":\"ListItem\",\"position\":3,\"name\":\"Salons, foires et expositions 2019\"}]},{\"@type\":\"WebSite\",\"@id\":\"https:\/\/www.jola-info.de\/#website\",\"url\":\"https:\/\/www.jola-info.de\/\",\"name\":\"Jola Spezialschalter GmbH &amp; Co. KG\",\"description\":\"F\u00fcllstandsmessung, Leckagedetektion, Leckagewarnger\u00e4te, K\u00fchldecken-Regelger\u00e4te, Endschalter\",\"potentialAction\":[{\"@type\":\"SearchAction\",\"target\":{\"@type\":\"EntryPoint\",\"urlTemplate\":\"https:\/\/www.jola-info.de\/?s={search_term_string}\"},\"query-input\":\"required name=search_term_string\"}],\"inLanguage\":\"fr-FR\"}]}<\/script>\n<!-- \/ Yoast SEO plugin. -->","yoast_head_json":{"title":"Salons, foires et expositions 2019 - Jola Spezialschalter GmbH &amp; Co. KG","description":"Nationale und internationale Messeteilnahmen von Jola Spezialschalter 2019","robots":{"index":"index","follow":"follow","max-snippet":"max-snippet:-1","max-image-preview":"max-image-preview:large","max-video-preview":"max-video-preview:-1"},"canonical":"https:\/\/www.jola-info.de\/fr\/salons\/salons-foires-et-expositions-2019\/","og_locale":"fr_FR","og_type":"article","og_title":"Salons, foires et expositions 2019 - Jola Spezialschalter GmbH &amp; Co. KG","og_description":"Nationale und internationale Messeteilnahmen von Jola Spezialschalter 2019","og_url":"https:\/\/www.jola-info.de\/fr\/salons\/salons-foires-et-expositions-2019\/","og_site_name":"Jola Spezialschalter GmbH &amp; Co. KG","article_modified_time":"2022-01-26T12:28:52+00:00","twitter_card":"summary_large_image","schema":{"@context":"https:\/\/schema.org","@graph":[{"@type":"WebPage","@id":"https:\/\/www.jola-info.de\/fr\/salons\/salons-foires-et-expositions-2019\/","url":"https:\/\/www.jola-info.de\/fr\/salons\/salons-foires-et-expositions-2019\/","name":"Salons, foires et expositions 2019 - Jola Spezialschalter GmbH &amp; Co. KG","isPartOf":{"@id":"https:\/\/www.jola-info.de\/#website"},"datePublished":"2018-06-14T07:45:41+00:00","dateModified":"2022-01-26T12:28:52+00:00","description":"Nationale und internationale Messeteilnahmen von Jola Spezialschalter 2019","breadcrumb":{"@id":"https:\/\/www.jola-info.de\/fr\/salons\/salons-foires-et-expositions-2019\/#breadcrumb"},"inLanguage":"fr-FR","potentialAction":[{"@type":"ReadAction","target":["https:\/\/www.jola-info.de\/fr\/salons\/salons-foires-et-expositions-2019\/"]}]},{"@type":"BreadcrumbList","@id":"https:\/\/www.jola-info.de\/fr\/salons\/salons-foires-et-expositions-2019\/#breadcrumb","itemListElement":[{"@type":"ListItem","position":1,"name":"","item":"https:\/\/www.jola-info.de\/fr\/"},{"@type":"ListItem","position":2,"name":"Salons","item":"https:\/\/www.jola-info.de\/fr\/salons\/"},{"@type":"ListItem","position":3,"name":"Salons, foires et expositions 2019"}]},{"@type":"WebSite","@id":"https:\/\/www.jola-info.de\/#website","url":"https:\/\/www.jola-info.de\/","name":"Jola Spezialschalter GmbH &amp; Co. KG","description":"F\u00fcllstandsmessung, Leckagedetektion, Leckagewarnger\u00e4te, K\u00fchldecken-Regelger\u00e4te, Endschalter","potentialAction":[{"@type":"SearchAction","target":{"@type":"EntryPoint","urlTemplate":"https:\/\/www.jola-info.de\/?s={search_term_string}"},"query-input":"required name=search_term_string"}],"inLanguage":"fr-FR"}]}},"_links":{"self":[{"href":"https:\/\/www.jola-info.de\/fr\/wp-json\/wp\/v2\/pages\/6083","targetHints":{"allow":["GET"]}}],"collection":[{"href":"https:\/\/www.jola-info.de\/fr\/wp-json\/wp\/v2\/pages"}],"about":[{"href":"https:\/\/www.jola-info.de\/fr\/wp-json\/wp\/v2\/types\/page"}],"author":[{"embeddable":true,"href":"https:\/\/www.jola-info.de\/fr\/wp-json\/wp\/v2\/users\/1"}],"replies":[{"embeddable":true,"href":"https:\/\/www.jola-info.de\/fr\/wp-json\/wp\/v2\/comments?post=6083"}],"version-history":[{"count":7,"href":"https:\/\/www.jola-info.de\/fr\/wp-json\/wp\/v2\/pages\/6083\/revisions"}],"predecessor-version":[{"id":11208,"href":"https:\/\/www.jola-info.de\/fr\/wp-json\/wp\/v2\/pages\/6083\/revisions\/11208"}],"up":[{"embeddable":true,"href":"https:\/\/www.jola-info.de\/fr\/wp-json\/wp\/v2\/pages\/5455"}],"wp:attachment":[{"href":"https:\/\/www.jola-info.de\/fr\/wp-json\/wp\/v2\/media?parent=6083"}],"curies":[{"name":"wp","href":"https:\/\/api.w.org\/{rel}","templated":true}]}}