{"id":6199,"date":"2018-01-02T15:27:13","date_gmt":"2018-01-02T14:27:13","guid":{"rendered":"http:\/\/wp13400965.server-he.de\/produits\/kuehldecken-regelgeraete\/"},"modified":"2019-10-02T16:11:00","modified_gmt":"2019-10-02T14:11:00","slug":"controle-de-plafonds-refroidissants","status":"publish","type":"page","link":"https:\/\/www.jola-info.de\/fr\/produits\/controle-de-plafonds-refroidissants\/","title":{"rendered":"Contr\u00f4le de plafonds refroidissants"},"content":{"rendered":"<p>Hier werden die Decken geregelt!<\/p>\n","protected":false},"excerpt":{"rendered":"<p>Hier werden die Decken geregelt!<\/p>\n","protected":false},"author":1,"featured_media":0,"parent":5489,"menu_order":4,"comment_status":"closed","ping_status":"closed","template":"","meta":{"_acf_changed":false,"footnotes":""},"class_list":["post-6199","page","type-page","status-publish","hentry"],"acf":[],"yoast_head":"<!-- This site is optimized with the Yoast SEO plugin v21.2 - https:\/\/yoast.com\/wordpress\/plugins\/seo\/ -->\n<title>Contr\u00f4le de plafonds refroidissants - Jola Spezialschalter GmbH &amp; Co. KG<\/title>\n<meta name=\"robots\" content=\"index, follow, max-snippet:-1, max-image-preview:large, max-video-preview:-1\" \/>\n<link rel=\"canonical\" href=\"https:\/\/www.jola-info.de\/fr\/produits\/controle-de-plafonds-refroidissants\/\" \/>\n<meta property=\"og:locale\" content=\"fr_FR\" \/>\n<meta property=\"og:type\" content=\"article\" \/>\n<meta property=\"og:title\" content=\"Contr\u00f4le de plafonds refroidissants - Jola Spezialschalter GmbH &amp; Co. KG\" \/>\n<meta property=\"og:description\" content=\"Hier werden die Decken geregelt!\" \/>\n<meta property=\"og:url\" content=\"https:\/\/www.jola-info.de\/fr\/produits\/controle-de-plafonds-refroidissants\/\" \/>\n<meta property=\"og:site_name\" content=\"Jola Spezialschalter GmbH &amp; Co. KG\" \/>\n<meta property=\"article:modified_time\" content=\"2019-10-02T14:11:00+00:00\" \/>\n<meta name=\"twitter:card\" content=\"summary_large_image\" \/>\n<script type=\"application\/ld+json\" class=\"yoast-schema-graph\">{\"@context\":\"https:\/\/schema.org\",\"@graph\":[{\"@type\":\"WebPage\",\"@id\":\"https:\/\/www.jola-info.de\/fr\/produits\/controle-de-plafonds-refroidissants\/\",\"url\":\"https:\/\/www.jola-info.de\/fr\/produits\/controle-de-plafonds-refroidissants\/\",\"name\":\"Contr\u00f4le de plafonds refroidissants - Jola Spezialschalter GmbH &amp; Co. KG\",\"isPartOf\":{\"@id\":\"https:\/\/www.jola-info.de\/#website\"},\"datePublished\":\"2018-01-02T14:27:13+00:00\",\"dateModified\":\"2019-10-02T14:11:00+00:00\",\"breadcrumb\":{\"@id\":\"https:\/\/www.jola-info.de\/fr\/produits\/controle-de-plafonds-refroidissants\/#breadcrumb\"},\"inLanguage\":\"fr-FR\",\"potentialAction\":[{\"@type\":\"ReadAction\",\"target\":[\"https:\/\/www.jola-info.de\/fr\/produits\/controle-de-plafonds-refroidissants\/\"]}]},{\"@type\":\"BreadcrumbList\",\"@id\":\"https:\/\/www.jola-info.de\/fr\/produits\/controle-de-plafonds-refroidissants\/#breadcrumb\",\"itemListElement\":[{\"@type\":\"ListItem\",\"position\":1,\"name\":\"\",\"item\":\"https:\/\/www.jola-info.de\/fr\/\"},{\"@type\":\"ListItem\",\"position\":2,\"name\":\"Produits\",\"item\":\"https:\/\/www.jola-info.de\/fr\/produits\/\"},{\"@type\":\"ListItem\",\"position\":3,\"name\":\"Contr\u00f4le de plafonds refroidissants\"}]},{\"@type\":\"WebSite\",\"@id\":\"https:\/\/www.jola-info.de\/#website\",\"url\":\"https:\/\/www.jola-info.de\/\",\"name\":\"Jola Spezialschalter GmbH &amp; Co. KG\",\"description\":\"F\u00fcllstandsmessung, Leckagedetektion, Leckagewarnger\u00e4te, K\u00fchldecken-Regelger\u00e4te, Endschalter\",\"potentialAction\":[{\"@type\":\"SearchAction\",\"target\":{\"@type\":\"EntryPoint\",\"urlTemplate\":\"https:\/\/www.jola-info.de\/?s={search_term_string}\"},\"query-input\":\"required name=search_term_string\"}],\"inLanguage\":\"fr-FR\"}]}<\/script>\n<!-- \/ Yoast SEO plugin. -->","yoast_head_json":{"title":"Contr\u00f4le de plafonds refroidissants - Jola Spezialschalter GmbH &amp; Co. KG","robots":{"index":"index","follow":"follow","max-snippet":"max-snippet:-1","max-image-preview":"max-image-preview:large","max-video-preview":"max-video-preview:-1"},"canonical":"https:\/\/www.jola-info.de\/fr\/produits\/controle-de-plafonds-refroidissants\/","og_locale":"fr_FR","og_type":"article","og_title":"Contr\u00f4le de plafonds refroidissants - Jola Spezialschalter GmbH &amp; Co. KG","og_description":"Hier werden die Decken geregelt!","og_url":"https:\/\/www.jola-info.de\/fr\/produits\/controle-de-plafonds-refroidissants\/","og_site_name":"Jola Spezialschalter GmbH &amp; Co. KG","article_modified_time":"2019-10-02T14:11:00+00:00","twitter_card":"summary_large_image","schema":{"@context":"https:\/\/schema.org","@graph":[{"@type":"WebPage","@id":"https:\/\/www.jola-info.de\/fr\/produits\/controle-de-plafonds-refroidissants\/","url":"https:\/\/www.jola-info.de\/fr\/produits\/controle-de-plafonds-refroidissants\/","name":"Contr\u00f4le de plafonds refroidissants - Jola Spezialschalter GmbH &amp; Co. KG","isPartOf":{"@id":"https:\/\/www.jola-info.de\/#website"},"datePublished":"2018-01-02T14:27:13+00:00","dateModified":"2019-10-02T14:11:00+00:00","breadcrumb":{"@id":"https:\/\/www.jola-info.de\/fr\/produits\/controle-de-plafonds-refroidissants\/#breadcrumb"},"inLanguage":"fr-FR","potentialAction":[{"@type":"ReadAction","target":["https:\/\/www.jola-info.de\/fr\/produits\/controle-de-plafonds-refroidissants\/"]}]},{"@type":"BreadcrumbList","@id":"https:\/\/www.jola-info.de\/fr\/produits\/controle-de-plafonds-refroidissants\/#breadcrumb","itemListElement":[{"@type":"ListItem","position":1,"name":"","item":"https:\/\/www.jola-info.de\/fr\/"},{"@type":"ListItem","position":2,"name":"Produits","item":"https:\/\/www.jola-info.de\/fr\/produits\/"},{"@type":"ListItem","position":3,"name":"Contr\u00f4le de plafonds refroidissants"}]},{"@type":"WebSite","@id":"https:\/\/www.jola-info.de\/#website","url":"https:\/\/www.jola-info.de\/","name":"Jola Spezialschalter GmbH &amp; Co. KG","description":"F\u00fcllstandsmessung, Leckagedetektion, Leckagewarnger\u00e4te, K\u00fchldecken-Regelger\u00e4te, Endschalter","potentialAction":[{"@type":"SearchAction","target":{"@type":"EntryPoint","urlTemplate":"https:\/\/www.jola-info.de\/?s={search_term_string}"},"query-input":"required name=search_term_string"}],"inLanguage":"fr-FR"}]}},"_links":{"self":[{"href":"https:\/\/www.jola-info.de\/fr\/wp-json\/wp\/v2\/pages\/6199","targetHints":{"allow":["GET"]}}],"collection":[{"href":"https:\/\/www.jola-info.de\/fr\/wp-json\/wp\/v2\/pages"}],"about":[{"href":"https:\/\/www.jola-info.de\/fr\/wp-json\/wp\/v2\/types\/page"}],"author":[{"embeddable":true,"href":"https:\/\/www.jola-info.de\/fr\/wp-json\/wp\/v2\/users\/1"}],"replies":[{"embeddable":true,"href":"https:\/\/www.jola-info.de\/fr\/wp-json\/wp\/v2\/comments?post=6199"}],"version-history":[{"count":3,"href":"https:\/\/www.jola-info.de\/fr\/wp-json\/wp\/v2\/pages\/6199\/revisions"}],"predecessor-version":[{"id":6366,"href":"https:\/\/www.jola-info.de\/fr\/wp-json\/wp\/v2\/pages\/6199\/revisions\/6366"}],"up":[{"embeddable":true,"href":"https:\/\/www.jola-info.de\/fr\/wp-json\/wp\/v2\/pages\/5489"}],"wp:attachment":[{"href":"https:\/\/www.jola-info.de\/fr\/wp-json\/wp\/v2\/media?parent=6199"}],"curies":[{"name":"wp","href":"https:\/\/api.w.org\/{rel}","templated":true}]}}