{"id":6220,"date":"2018-01-02T16:26:51","date_gmt":"2018-01-02T15:26:51","guid":{"rendered":"http:\/\/wp13400965.server-he.de\/produits\/detection-de-fuites\/kapazitive-leckagedetektion\/"},"modified":"2019-10-01T13:10:32","modified_gmt":"2019-10-01T11:10:32","slug":"detection-de-fuites-capacitif","status":"publish","type":"page","link":"https:\/\/www.jola-info.de\/fr\/produits\/detection-de-fuites\/detection-de-fuites-capacitif\/","title":{"rendered":"D\u00e9tection de fuites (capacitif)"},"content":{"rendered":"<p>Kapazitive Leckagedetektion<\/p>\n","protected":false},"excerpt":{"rendered":"<p>Kapazitive Leckagedetektion<\/p>\n","protected":false},"author":1,"featured_media":0,"parent":6186,"menu_order":32,"comment_status":"closed","ping_status":"closed","template":"","meta":{"_acf_changed":false,"footnotes":""},"class_list":["post-6220","page","type-page","status-publish","hentry"],"acf":[],"yoast_head":"<!-- This site is optimized with the Yoast SEO plugin v21.2 - https:\/\/yoast.com\/wordpress\/plugins\/seo\/ -->\n<title>D\u00e9tection de fuites (capacitif) - Jola Spezialschalter GmbH &amp; Co. KG<\/title>\n<meta name=\"robots\" content=\"index, follow, max-snippet:-1, max-image-preview:large, max-video-preview:-1\" \/>\n<link rel=\"canonical\" href=\"https:\/\/www.jola-info.de\/fr\/produits\/detection-de-fuites\/detection-de-fuites-capacitif\/\" \/>\n<meta property=\"og:locale\" content=\"fr_FR\" \/>\n<meta property=\"og:type\" content=\"article\" \/>\n<meta property=\"og:title\" content=\"D\u00e9tection de fuites (capacitif) - Jola Spezialschalter GmbH &amp; Co. KG\" \/>\n<meta property=\"og:description\" content=\"Kapazitive Leckagedetektion\" \/>\n<meta property=\"og:url\" content=\"https:\/\/www.jola-info.de\/fr\/produits\/detection-de-fuites\/detection-de-fuites-capacitif\/\" \/>\n<meta property=\"og:site_name\" content=\"Jola Spezialschalter GmbH &amp; Co. KG\" \/>\n<meta property=\"article:modified_time\" content=\"2019-10-01T11:10:32+00:00\" \/>\n<meta name=\"twitter:card\" content=\"summary_large_image\" \/>\n<script type=\"application\/ld+json\" class=\"yoast-schema-graph\">{\"@context\":\"https:\/\/schema.org\",\"@graph\":[{\"@type\":\"WebPage\",\"@id\":\"https:\/\/www.jola-info.de\/fr\/produits\/detection-de-fuites\/detection-de-fuites-capacitif\/\",\"url\":\"https:\/\/www.jola-info.de\/fr\/produits\/detection-de-fuites\/detection-de-fuites-capacitif\/\",\"name\":\"D\u00e9tection de fuites (capacitif) - Jola Spezialschalter GmbH &amp; Co. KG\",\"isPartOf\":{\"@id\":\"https:\/\/www.jola-info.de\/#website\"},\"datePublished\":\"2018-01-02T15:26:51+00:00\",\"dateModified\":\"2019-10-01T11:10:32+00:00\",\"breadcrumb\":{\"@id\":\"https:\/\/www.jola-info.de\/fr\/produits\/detection-de-fuites\/detection-de-fuites-capacitif\/#breadcrumb\"},\"inLanguage\":\"fr-FR\",\"potentialAction\":[{\"@type\":\"ReadAction\",\"target\":[\"https:\/\/www.jola-info.de\/fr\/produits\/detection-de-fuites\/detection-de-fuites-capacitif\/\"]}]},{\"@type\":\"BreadcrumbList\",\"@id\":\"https:\/\/www.jola-info.de\/fr\/produits\/detection-de-fuites\/detection-de-fuites-capacitif\/#breadcrumb\",\"itemListElement\":[{\"@type\":\"ListItem\",\"position\":1,\"name\":\"\",\"item\":\"https:\/\/www.jola-info.de\/fr\/\"},{\"@type\":\"ListItem\",\"position\":2,\"name\":\"Produits\",\"item\":\"https:\/\/www.jola-info.de\/fr\/produits\/\"},{\"@type\":\"ListItem\",\"position\":3,\"name\":\"D\u00e9tection de fuites\",\"item\":\"https:\/\/www.jola-info.de\/fr\/produits\/detection-de-fuites\/\"},{\"@type\":\"ListItem\",\"position\":4,\"name\":\"D\u00e9tection de fuites (capacitif)\"}]},{\"@type\":\"WebSite\",\"@id\":\"https:\/\/www.jola-info.de\/#website\",\"url\":\"https:\/\/www.jola-info.de\/\",\"name\":\"Jola Spezialschalter GmbH &amp; Co. KG\",\"description\":\"F\u00fcllstandsmessung, Leckagedetektion, Leckagewarnger\u00e4te, K\u00fchldecken-Regelger\u00e4te, Endschalter\",\"potentialAction\":[{\"@type\":\"SearchAction\",\"target\":{\"@type\":\"EntryPoint\",\"urlTemplate\":\"https:\/\/www.jola-info.de\/?s={search_term_string}\"},\"query-input\":\"required name=search_term_string\"}],\"inLanguage\":\"fr-FR\"}]}<\/script>\n<!-- \/ Yoast SEO plugin. -->","yoast_head_json":{"title":"D\u00e9tection de fuites (capacitif) - Jola Spezialschalter GmbH &amp; Co. KG","robots":{"index":"index","follow":"follow","max-snippet":"max-snippet:-1","max-image-preview":"max-image-preview:large","max-video-preview":"max-video-preview:-1"},"canonical":"https:\/\/www.jola-info.de\/fr\/produits\/detection-de-fuites\/detection-de-fuites-capacitif\/","og_locale":"fr_FR","og_type":"article","og_title":"D\u00e9tection de fuites (capacitif) - Jola Spezialschalter GmbH &amp; Co. KG","og_description":"Kapazitive Leckagedetektion","og_url":"https:\/\/www.jola-info.de\/fr\/produits\/detection-de-fuites\/detection-de-fuites-capacitif\/","og_site_name":"Jola Spezialschalter GmbH &amp; Co. KG","article_modified_time":"2019-10-01T11:10:32+00:00","twitter_card":"summary_large_image","schema":{"@context":"https:\/\/schema.org","@graph":[{"@type":"WebPage","@id":"https:\/\/www.jola-info.de\/fr\/produits\/detection-de-fuites\/detection-de-fuites-capacitif\/","url":"https:\/\/www.jola-info.de\/fr\/produits\/detection-de-fuites\/detection-de-fuites-capacitif\/","name":"D\u00e9tection de fuites (capacitif) - Jola Spezialschalter GmbH &amp; Co. KG","isPartOf":{"@id":"https:\/\/www.jola-info.de\/#website"},"datePublished":"2018-01-02T15:26:51+00:00","dateModified":"2019-10-01T11:10:32+00:00","breadcrumb":{"@id":"https:\/\/www.jola-info.de\/fr\/produits\/detection-de-fuites\/detection-de-fuites-capacitif\/#breadcrumb"},"inLanguage":"fr-FR","potentialAction":[{"@type":"ReadAction","target":["https:\/\/www.jola-info.de\/fr\/produits\/detection-de-fuites\/detection-de-fuites-capacitif\/"]}]},{"@type":"BreadcrumbList","@id":"https:\/\/www.jola-info.de\/fr\/produits\/detection-de-fuites\/detection-de-fuites-capacitif\/#breadcrumb","itemListElement":[{"@type":"ListItem","position":1,"name":"","item":"https:\/\/www.jola-info.de\/fr\/"},{"@type":"ListItem","position":2,"name":"Produits","item":"https:\/\/www.jola-info.de\/fr\/produits\/"},{"@type":"ListItem","position":3,"name":"D\u00e9tection de fuites","item":"https:\/\/www.jola-info.de\/fr\/produits\/detection-de-fuites\/"},{"@type":"ListItem","position":4,"name":"D\u00e9tection de fuites (capacitif)"}]},{"@type":"WebSite","@id":"https:\/\/www.jola-info.de\/#website","url":"https:\/\/www.jola-info.de\/","name":"Jola Spezialschalter GmbH &amp; Co. KG","description":"F\u00fcllstandsmessung, Leckagedetektion, Leckagewarnger\u00e4te, K\u00fchldecken-Regelger\u00e4te, Endschalter","potentialAction":[{"@type":"SearchAction","target":{"@type":"EntryPoint","urlTemplate":"https:\/\/www.jola-info.de\/?s={search_term_string}"},"query-input":"required name=search_term_string"}],"inLanguage":"fr-FR"}]}},"_links":{"self":[{"href":"https:\/\/www.jola-info.de\/fr\/wp-json\/wp\/v2\/pages\/6220","targetHints":{"allow":["GET"]}}],"collection":[{"href":"https:\/\/www.jola-info.de\/fr\/wp-json\/wp\/v2\/pages"}],"about":[{"href":"https:\/\/www.jola-info.de\/fr\/wp-json\/wp\/v2\/types\/page"}],"author":[{"embeddable":true,"href":"https:\/\/www.jola-info.de\/fr\/wp-json\/wp\/v2\/users\/1"}],"replies":[{"embeddable":true,"href":"https:\/\/www.jola-info.de\/fr\/wp-json\/wp\/v2\/comments?post=6220"}],"version-history":[{"count":1,"href":"https:\/\/www.jola-info.de\/fr\/wp-json\/wp\/v2\/pages\/6220\/revisions"}],"predecessor-version":[{"id":6226,"href":"https:\/\/www.jola-info.de\/fr\/wp-json\/wp\/v2\/pages\/6220\/revisions\/6226"}],"up":[{"embeddable":true,"href":"https:\/\/www.jola-info.de\/fr\/wp-json\/wp\/v2\/pages\/6186"}],"wp:attachment":[{"href":"https:\/\/www.jola-info.de\/fr\/wp-json\/wp\/v2\/media?parent=6220"}],"curies":[{"name":"wp","href":"https:\/\/api.w.org\/{rel}","templated":true}]}}