{"id":9234,"date":"2021-01-12T10:37:10","date_gmt":"2021-01-12T09:37:10","guid":{"rendered":"https:\/\/www.jola-info.de\/?page_id=9234"},"modified":"2022-12-12T14:53:03","modified_gmt":"2022-12-12T13:53:03","slug":"durabilite","status":"publish","type":"page","link":"https:\/\/www.jola-info.de\/fr\/societe\/durabilite\/","title":{"rendered":"Durabilit\u00e9"},"content":{"rendered":"","protected":false},"excerpt":{"rendered":"","protected":false},"author":1,"featured_media":0,"parent":5357,"menu_order":22,"comment_status":"closed","ping_status":"closed","template":"","meta":{"_acf_changed":false,"footnotes":""},"class_list":["post-9234","page","type-page","status-publish","hentry"],"acf":[],"yoast_head":"<!-- This site is optimized with the Yoast SEO plugin v21.2 - https:\/\/yoast.com\/wordpress\/plugins\/seo\/ -->\n<title>Durabilit\u00e9 - Jola Spezialschalter GmbH &amp; Co. KG<\/title>\n<meta name=\"robots\" content=\"index, follow, max-snippet:-1, max-image-preview:large, max-video-preview:-1\" \/>\n<link rel=\"canonical\" href=\"https:\/\/www.jola-info.de\/fr\/societe\/durabilite\/\" \/>\n<meta property=\"og:locale\" content=\"fr_FR\" \/>\n<meta property=\"og:type\" content=\"article\" \/>\n<meta property=\"og:title\" content=\"Durabilit\u00e9 - Jola Spezialschalter GmbH &amp; Co. KG\" \/>\n<meta property=\"og:url\" content=\"https:\/\/www.jola-info.de\/fr\/societe\/durabilite\/\" \/>\n<meta property=\"og:site_name\" content=\"Jola Spezialschalter GmbH &amp; Co. KG\" \/>\n<meta property=\"article:modified_time\" content=\"2022-12-12T13:53:03+00:00\" \/>\n<meta name=\"twitter:card\" content=\"summary_large_image\" \/>\n<script type=\"application\/ld+json\" class=\"yoast-schema-graph\">{\"@context\":\"https:\/\/schema.org\",\"@graph\":[{\"@type\":\"WebPage\",\"@id\":\"https:\/\/www.jola-info.de\/fr\/societe\/durabilite\/\",\"url\":\"https:\/\/www.jola-info.de\/fr\/societe\/durabilite\/\",\"name\":\"Durabilit\u00e9 - Jola Spezialschalter GmbH &amp; Co. KG\",\"isPartOf\":{\"@id\":\"https:\/\/www.jola-info.de\/#website\"},\"datePublished\":\"2021-01-12T09:37:10+00:00\",\"dateModified\":\"2022-12-12T13:53:03+00:00\",\"breadcrumb\":{\"@id\":\"https:\/\/www.jola-info.de\/fr\/societe\/durabilite\/#breadcrumb\"},\"inLanguage\":\"fr-FR\",\"potentialAction\":[{\"@type\":\"ReadAction\",\"target\":[\"https:\/\/www.jola-info.de\/fr\/societe\/durabilite\/\"]}]},{\"@type\":\"BreadcrumbList\",\"@id\":\"https:\/\/www.jola-info.de\/fr\/societe\/durabilite\/#breadcrumb\",\"itemListElement\":[{\"@type\":\"ListItem\",\"position\":1,\"name\":\"\",\"item\":\"https:\/\/www.jola-info.de\/fr\/\"},{\"@type\":\"ListItem\",\"position\":2,\"name\":\"Soci\u00e9t\u00e9\",\"item\":\"https:\/\/www.jola-info.de\/fr\/societe\/\"},{\"@type\":\"ListItem\",\"position\":3,\"name\":\"Durabilit\u00e9\"}]},{\"@type\":\"WebSite\",\"@id\":\"https:\/\/www.jola-info.de\/#website\",\"url\":\"https:\/\/www.jola-info.de\/\",\"name\":\"Jola Spezialschalter GmbH &amp; Co. KG\",\"description\":\"F\u00fcllstandsmessung, Leckagedetektion, Leckagewarnger\u00e4te, K\u00fchldecken-Regelger\u00e4te, Endschalter\",\"potentialAction\":[{\"@type\":\"SearchAction\",\"target\":{\"@type\":\"EntryPoint\",\"urlTemplate\":\"https:\/\/www.jola-info.de\/?s={search_term_string}\"},\"query-input\":\"required name=search_term_string\"}],\"inLanguage\":\"fr-FR\"}]}<\/script>\n<!-- \/ Yoast SEO plugin. -->","yoast_head_json":{"title":"Durabilit\u00e9 - Jola Spezialschalter GmbH &amp; Co. KG","robots":{"index":"index","follow":"follow","max-snippet":"max-snippet:-1","max-image-preview":"max-image-preview:large","max-video-preview":"max-video-preview:-1"},"canonical":"https:\/\/www.jola-info.de\/fr\/societe\/durabilite\/","og_locale":"fr_FR","og_type":"article","og_title":"Durabilit\u00e9 - Jola Spezialschalter GmbH &amp; Co. KG","og_url":"https:\/\/www.jola-info.de\/fr\/societe\/durabilite\/","og_site_name":"Jola Spezialschalter GmbH &amp; Co. KG","article_modified_time":"2022-12-12T13:53:03+00:00","twitter_card":"summary_large_image","schema":{"@context":"https:\/\/schema.org","@graph":[{"@type":"WebPage","@id":"https:\/\/www.jola-info.de\/fr\/societe\/durabilite\/","url":"https:\/\/www.jola-info.de\/fr\/societe\/durabilite\/","name":"Durabilit\u00e9 - Jola Spezialschalter GmbH &amp; Co. KG","isPartOf":{"@id":"https:\/\/www.jola-info.de\/#website"},"datePublished":"2021-01-12T09:37:10+00:00","dateModified":"2022-12-12T13:53:03+00:00","breadcrumb":{"@id":"https:\/\/www.jola-info.de\/fr\/societe\/durabilite\/#breadcrumb"},"inLanguage":"fr-FR","potentialAction":[{"@type":"ReadAction","target":["https:\/\/www.jola-info.de\/fr\/societe\/durabilite\/"]}]},{"@type":"BreadcrumbList","@id":"https:\/\/www.jola-info.de\/fr\/societe\/durabilite\/#breadcrumb","itemListElement":[{"@type":"ListItem","position":1,"name":"","item":"https:\/\/www.jola-info.de\/fr\/"},{"@type":"ListItem","position":2,"name":"Soci\u00e9t\u00e9","item":"https:\/\/www.jola-info.de\/fr\/societe\/"},{"@type":"ListItem","position":3,"name":"Durabilit\u00e9"}]},{"@type":"WebSite","@id":"https:\/\/www.jola-info.de\/#website","url":"https:\/\/www.jola-info.de\/","name":"Jola Spezialschalter GmbH &amp; Co. KG","description":"F\u00fcllstandsmessung, Leckagedetektion, Leckagewarnger\u00e4te, K\u00fchldecken-Regelger\u00e4te, Endschalter","potentialAction":[{"@type":"SearchAction","target":{"@type":"EntryPoint","urlTemplate":"https:\/\/www.jola-info.de\/?s={search_term_string}"},"query-input":"required name=search_term_string"}],"inLanguage":"fr-FR"}]}},"_links":{"self":[{"href":"https:\/\/www.jola-info.de\/fr\/wp-json\/wp\/v2\/pages\/9234","targetHints":{"allow":["GET"]}}],"collection":[{"href":"https:\/\/www.jola-info.de\/fr\/wp-json\/wp\/v2\/pages"}],"about":[{"href":"https:\/\/www.jola-info.de\/fr\/wp-json\/wp\/v2\/types\/page"}],"author":[{"embeddable":true,"href":"https:\/\/www.jola-info.de\/fr\/wp-json\/wp\/v2\/users\/1"}],"replies":[{"embeddable":true,"href":"https:\/\/www.jola-info.de\/fr\/wp-json\/wp\/v2\/comments?post=9234"}],"version-history":[{"count":11,"href":"https:\/\/www.jola-info.de\/fr\/wp-json\/wp\/v2\/pages\/9234\/revisions"}],"predecessor-version":[{"id":13195,"href":"https:\/\/www.jola-info.de\/fr\/wp-json\/wp\/v2\/pages\/9234\/revisions\/13195"}],"up":[{"embeddable":true,"href":"https:\/\/www.jola-info.de\/fr\/wp-json\/wp\/v2\/pages\/5357"}],"wp:attachment":[{"href":"https:\/\/www.jola-info.de\/fr\/wp-json\/wp\/v2\/media?parent=9234"}],"curies":[{"name":"wp","href":"https:\/\/api.w.org\/{rel}","templated":true}]}}